{"id":3428,"date":"2025-03-07T15:45:17","date_gmt":"2025-03-07T15:45:17","guid":{"rendered":"https:\/\/geocarbo.ieraora.com\/?page_id=3428"},"modified":"2025-03-22T07:25:54","modified_gmt":"2025-03-22T07:25:54","slug":"assistenza-cantieri","status":"publish","type":"page","link":"https:\/\/geometracarboni.it\/gc\/index.php\/assistenza-cantieri\/","title":{"rendered":"Assistenza cantieri"},"content":{"rendered":"<h1>Assistenza Cantieri<\/h1>\n<div>\n<p>principali responsabilit\u00e0<\/p>\n<\/div>\n<h2>Gestire, Organizzare, Monitorare<\/p>\n<p>Gestire e organizzare il lavoro in relazione all\u2019insieme delle lavorazioni da eseguire sia in ambito civile che impiantistico meccanico\/elettrico<\/p>\n<p>Curare l\u2019organizzazione dei cantieri in termini di coordinamento delle maestranze e dei fornitori<\/p>\n<p>Controllare il corretto svolgimento delle attivit\u00e0 nel rispetto del cronoprogramma dei lavori<\/p>\n<p>Assistenza al Capo Cantiere nella supervisione e nella programmazione delle attivit\u00e0 di cantiere<\/p>\n<p>Monitorare la conformit\u00e0 delle attivit\u00e0 di cantiere, in riferimento alla normativa vigente, in materia di Sicurezza sul Lavoro, Qualit\u00e0 e Ambiente<\/p>\n<\/h2>\n<ul>\n<li>\n<h3>Gestire<\/h3>\n<div>\n<p>Gestire e organizzare in relazione all\u2019insieme delle lavorazioni da eseguire sia in ambito civile che impiantistico meccanico\/elettrico<\/p>\n<\/div>\n<\/li>\n<li>\n<h3>Coordinamento<\/h3>\n<div>\n<p>Curare l\u2019organizzazione dei cantieri in termini di coordinamento delle maestranze e dei fornitori<\/p>\n<\/div>\n<\/li>\n<li>\n<h3>Crono-programma<\/h3>\n<div>\n<p>Controllare il corretto svolgimento delle attivit\u00e0 nel rispetto del cronoprogramma dei lavori<\/p>\n<\/div>\n<\/li>\n<li>\n<h3>Supervisione<\/h3>\n<div>\n<p>Assistenza al Capo Cantiere nella supervisione e nella programmazione delle attivit\u00e0 di cantiere<\/p>\n<\/div>\n<\/li>\n<li>\n<h3>Sicurezza<\/h3>\n<div>\n<p>Monitorare la conformit\u00e0 delle attivit\u00e0 di cantiere, in riferimento alla normativa vigente, in materia di Sicurezza sul Lavoro, Qualit\u00e0 e Ambiente<\/p>\n<\/div>\n<\/li>\n<\/ul>\n<p><!--more--><br \/>\n<!-- {\"type\":\"layout\",\"children\":[{\"name\":\"Hero\",\"type\":\"section\",\"props\":{\"animation\":\"fade\",\"height\":\"viewport\",\"height_offset_top\":true,\"image\":\"wp-content\\\/uploads\\\/2025\\\/03\\\/4025163-scaled.jpg\",\"image_effect\":\"fixed\",\"image_loading\":true,\"image_position\":\"center-center\",\"image_size\":\"contain\",\"image_width\":\"2560\",\"style\":\"default\",\"title_breakpoint\":\"xl\",\"title_position\":\"top-left\",\"title_rotation\":\"left\",\"vertical_align\":\"middle\",\"width\":\"default\"},\"children\":[{\"type\":\"row\",\"children\":[{\"type\":\"column\",\"props\":{\"image_position\":\"center-center\",\"position_sticky_breakpoint\":\"m\",\"text_color\":\"dark\",\"width_medium\":\"1-1\"},\"children\":[{\"type\":\"text\",\"props\":{\"column_breakpoint\":\"m\",\"content\":\"\",\"margin\":\"default\",\"text_align\":\"center\",\"text_style\":\"meta\"}},{\"type\":\"headline\",\"props\":{\"content\":\"Assistenza Cantieri\",\"margin_remove_top\":true,\"text_align\":\"center\",\"title_element\":\"h1\",\"title_style\":\"heading-small\"}},{\"type\":\"text\",\"props\":{\"block_align\":\"center\",\"column_breakpoint\":\"m\",\"content\":\"\n\n<p>principali responsabilit\\u00e0<\\\/p>\",\"margin\":\"default\",\"maxwidth\":\"xlarge\",\"text_align\":\"center\"}}]}]}]},{\"name\":\"Studio presentation\",\"type\":\"section\",\"props\":{\"animation\":\"slide-top-small\",\"animation_delay\":\"200\",\"image_position\":\"center-center\",\"image_size\":\"cover\",\"style\":\"default\",\"title_breakpoint\":\"xl\",\"title_position\":\"top-left\",\"title_rotation\":\"left\",\"vertical_align\":\"\",\"width\":\"default\"},\"children\":[{\"type\":\"row\",\"props\":{\"layout\":\"1-2,1-2\",\"margin\":\"large\"},\"children\":[{\"type\":\"column\",\"props\":{\"image_position\":\"center-center\",\"position_sticky_breakpoint\":\"m\",\"width_medium\":\"1-2\"},\"children\":[{\"type\":\"headline\",\"props\":{\"content\":\"Gestire, Organizzare, Monitorare<br \\\/>\\n\n\n<p>Gestire e organizzare il lavoro in relazione all\\u2019insieme delle lavorazioni da eseguire sia in ambito civile che impiantistico meccanico\\\/elettrico<\\\/p>\\n\n\n<p>Curare l\\u2019organizzazione dei cantieri in termini di coordinamento delle maestranze e dei fornitori<\\\/p>\\n\n\n<p>Controllare il corretto svolgimento delle attivit\\u00e0 nel rispetto del cronoprogramma dei lavori<\\\/p>\\n\n\n<p>Assistenza al Capo Cantiere nella supervisione e nella programmazione delle attivit\\u00e0 di cantiere<\\\/p>\\n\n\n<p>Monitorare la conformit\\u00e0 delle attivit\\u00e0 di cantiere, in riferimento alla normativa vigente, in materia di Sicurezza sul Lavoro, Qualit\\u00e0 e Ambiente<\\\/p>\",\"title_decoration\":\"bullet\",\"title_element\":\"h2\",\"title_style\":\"h4\"}}]},{\"type\":\"column\",\"props\":{\"image_position\":\"center-center\",\"position_sticky_breakpoint\":\"m\",\"width_medium\":\"1-2\"},\"children\":[{\"type\":\"text\",\"props\":{\"column_breakpoint\":\"m\",\"content\":\"\",\"margin\":\"large\"}},{\"type\":\"accordion\",\"props\":{\"collapsible\":true,\"content_column_breakpoint\":\"m\",\"image_align\":\"top\",\"image_grid_breakpoint\":\"m\",\"image_grid_width\":\"1-2\",\"image_svg_color\":\"emphasis\",\"link_style\":\"default\",\"link_text\":\"Read more\",\"show_image\":true,\"show_link\":true},\"children\":[{\"type\":\"accordion_item\",\"props\":{\"content\":\"\n\n<p>Gestire e organizzare in relazione all\\u2019insieme delle lavorazioni da eseguire sia in ambito civile che impiantistico meccanico\\\/elettrico<\\\/p>\",\"title\":\"Gestire\"}},{\"type\":\"accordion_item\",\"props\":{\"content\":\"\n\n<p>Curare l\\u2019organizzazione dei cantieri in termini di coordinamento delle maestranze e dei fornitori<\\\/p>\",\"title\":\"Coordinamento\"}},{\"type\":\"accordion_item\",\"props\":{\"content\":\"\n\n<p>Controllare il corretto svolgimento delle attivit\\u00e0 nel rispetto del cronoprogramma dei lavori<\\\/p>\",\"title\":\"Crono-programma\"}},{\"type\":\"accordion_item\",\"props\":{\"content\":\"\n\n<p>Assistenza al Capo Cantiere nella supervisione e nella programmazione delle attivit\\u00e0 di cantiere<\\\/p>\",\"title\":\"Supervisione\"}},{\"type\":\"accordion_item\",\"props\":{\"content\":\"\n\n<p>Monitorare la conformit\\u00e0 delle attivit\\u00e0 di cantiere, in riferimento alla normativa vigente, in materia di Sicurezza sul Lavoro, Qualit\\u00e0 e Ambiente<\\\/p>\",\"title\":\"Sicurezza\"}}]}]}]}]}],\"version\":\"4.5.10\"} --><\/p>\n","protected":false},"excerpt":{"rendered":"<p>Assistenza Cantieri principali responsabilit\u00e0 Gestire, Organizzare, Monitorare Gestire e organizzare il lavoro in relazione all\u2019insieme delle lavorazioni da eseguire sia in ambito civile che impiantistico meccanico\/elettrico Curare l\u2019organizzazione dei cantieri in termini di coordinamento delle maestranze e dei fornitori Controllare il corretto svolgimento delle attivit\u00e0 nel rispetto del cronoprogramma dei lavori Assistenza al Capo Cantiere [&hellip;]<\/p>\n","protected":false},"author":1,"featured_media":0,"parent":0,"menu_order":1,"comment_status":"open","ping_status":"closed","template":"","meta":{"footnotes":""},"class_list":["post-3428","page","type-page","status-publish","hentry"],"yoast_head":"<!-- This site is optimized with the Yoast SEO plugin v24.8.1 - https:\/\/yoast.com\/wordpress\/plugins\/seo\/ -->\n<title>Assistenza cantieri - Studio Geometra Carboni<\/title>\n<meta name=\"robots\" content=\"index, follow, max-snippet:-1, max-image-preview:large, max-video-preview:-1\" \/>\n<link rel=\"canonical\" href=\"https:\/\/geometracarboni.it\/gc\/index.php\/assistenza-cantieri\/\" \/>\n<meta property=\"og:locale\" content=\"it_IT\" \/>\n<meta property=\"og:type\" content=\"article\" \/>\n<meta property=\"og:title\" content=\"Assistenza cantieri - Studio Geometra Carboni\" \/>\n<meta property=\"og:description\" content=\"Assistenza Cantieri principali responsabilit\u00e0 Gestire, Organizzare, Monitorare Gestire e organizzare il lavoro in relazione all\u2019insieme delle lavorazioni da eseguire sia in ambito civile che impiantistico meccanico\/elettrico Curare l\u2019organizzazione dei cantieri in termini di coordinamento delle maestranze e dei fornitori Controllare il corretto svolgimento delle attivit\u00e0 nel rispetto del cronoprogramma dei lavori Assistenza al Capo Cantiere [&hellip;]\" \/>\n<meta property=\"og:url\" content=\"https:\/\/geometracarboni.it\/gc\/index.php\/assistenza-cantieri\/\" \/>\n<meta property=\"og:site_name\" content=\"Studio Geometra Carboni\" \/>\n<meta property=\"article:modified_time\" content=\"2025-03-22T07:25:54+00:00\" \/>\n<meta name=\"twitter:card\" content=\"summary_large_image\" \/>\n<meta name=\"twitter:label1\" content=\"Tempo di lettura stimato\" \/>\n\t<meta name=\"twitter:data1\" content=\"1 minuto\" \/>\n<script type=\"application\/ld+json\" class=\"yoast-schema-graph\">{\"@context\":\"https:\/\/schema.org\",\"@graph\":[{\"@type\":\"WebPage\",\"@id\":\"https:\/\/geometracarboni.it\/gc\/index.php\/assistenza-cantieri\/\",\"url\":\"https:\/\/geometracarboni.it\/gc\/index.php\/assistenza-cantieri\/\",\"name\":\"Assistenza cantieri - Studio Geometra Carboni\",\"isPartOf\":{\"@id\":\"https:\/\/geometracarboni.it\/gc\/#website\"},\"datePublished\":\"2025-03-07T15:45:17+00:00\",\"dateModified\":\"2025-03-22T07:25:54+00:00\",\"breadcrumb\":{\"@id\":\"https:\/\/geometracarboni.it\/gc\/index.php\/assistenza-cantieri\/#breadcrumb\"},\"inLanguage\":\"it-IT\",\"potentialAction\":[{\"@type\":\"ReadAction\",\"target\":[\"https:\/\/geometracarboni.it\/gc\/index.php\/assistenza-cantieri\/\"]}]},{\"@type\":\"BreadcrumbList\",\"@id\":\"https:\/\/geometracarboni.it\/gc\/index.php\/assistenza-cantieri\/#breadcrumb\",\"itemListElement\":[{\"@type\":\"ListItem\",\"position\":1,\"name\":\"Home\",\"item\":\"https:\/\/geometracarboni.it\/gc\/\"},{\"@type\":\"ListItem\",\"position\":2,\"name\":\"Assistenza cantieri\"}]},{\"@type\":\"WebSite\",\"@id\":\"https:\/\/geometracarboni.it\/gc\/#website\",\"url\":\"https:\/\/geometracarboni.it\/gc\/\",\"name\":\"Studio Geometra Carboni\",\"description\":\"studio tecnico di progettazione\",\"publisher\":{\"@id\":\"https:\/\/geometracarboni.it\/gc\/#\/schema\/person\/ce80f0810a44b8523736184b269ce05c\"},\"potentialAction\":[{\"@type\":\"SearchAction\",\"target\":{\"@type\":\"EntryPoint\",\"urlTemplate\":\"https:\/\/geometracarboni.it\/gc\/?s={search_term_string}\"},\"query-input\":{\"@type\":\"PropertyValueSpecification\",\"valueRequired\":true,\"valueName\":\"search_term_string\"}}],\"inLanguage\":\"it-IT\"},{\"@type\":[\"Person\",\"Organization\"],\"@id\":\"https:\/\/geometracarboni.it\/gc\/#\/schema\/person\/ce80f0810a44b8523736184b269ce05c\",\"name\":\"giuseppe carboni\",\"image\":{\"@type\":\"ImageObject\",\"inLanguage\":\"it-IT\",\"@id\":\"https:\/\/geometracarboni.it\/gc\/#\/schema\/person\/image\/\",\"url\":\"https:\/\/geometracarboni.it\/gc\/wp-content\/uploads\/2025\/03\/12297140_4903443.svg\",\"contentUrl\":\"https:\/\/geometracarboni.it\/gc\/wp-content\/uploads\/2025\/03\/12297140_4903443.svg\",\"width\":1,\"height\":1,\"caption\":\"giuseppe carboni\"},\"logo\":{\"@id\":\"https:\/\/geometracarboni.it\/gc\/#\/schema\/person\/image\/\"}}]}<\/script>\n<!-- \/ Yoast SEO plugin. -->","yoast_head_json":{"title":"Assistenza cantieri - Studio Geometra Carboni","robots":{"index":"index","follow":"follow","max-snippet":"max-snippet:-1","max-image-preview":"max-image-preview:large","max-video-preview":"max-video-preview:-1"},"canonical":"https:\/\/geometracarboni.it\/gc\/index.php\/assistenza-cantieri\/","og_locale":"it_IT","og_type":"article","og_title":"Assistenza cantieri - Studio Geometra Carboni","og_description":"Assistenza Cantieri principali responsabilit\u00e0 Gestire, Organizzare, Monitorare Gestire e organizzare il lavoro in relazione all\u2019insieme delle lavorazioni da eseguire sia in ambito civile che impiantistico meccanico\/elettrico Curare l\u2019organizzazione dei cantieri in termini di coordinamento delle maestranze e dei fornitori Controllare il corretto svolgimento delle attivit\u00e0 nel rispetto del cronoprogramma dei lavori Assistenza al Capo Cantiere [&hellip;]","og_url":"https:\/\/geometracarboni.it\/gc\/index.php\/assistenza-cantieri\/","og_site_name":"Studio Geometra Carboni","article_modified_time":"2025-03-22T07:25:54+00:00","twitter_card":"summary_large_image","twitter_misc":{"Tempo di lettura stimato":"1 minuto"},"schema":{"@context":"https:\/\/schema.org","@graph":[{"@type":"WebPage","@id":"https:\/\/geometracarboni.it\/gc\/index.php\/assistenza-cantieri\/","url":"https:\/\/geometracarboni.it\/gc\/index.php\/assistenza-cantieri\/","name":"Assistenza cantieri - Studio Geometra Carboni","isPartOf":{"@id":"https:\/\/geometracarboni.it\/gc\/#website"},"datePublished":"2025-03-07T15:45:17+00:00","dateModified":"2025-03-22T07:25:54+00:00","breadcrumb":{"@id":"https:\/\/geometracarboni.it\/gc\/index.php\/assistenza-cantieri\/#breadcrumb"},"inLanguage":"it-IT","potentialAction":[{"@type":"ReadAction","target":["https:\/\/geometracarboni.it\/gc\/index.php\/assistenza-cantieri\/"]}]},{"@type":"BreadcrumbList","@id":"https:\/\/geometracarboni.it\/gc\/index.php\/assistenza-cantieri\/#breadcrumb","itemListElement":[{"@type":"ListItem","position":1,"name":"Home","item":"https:\/\/geometracarboni.it\/gc\/"},{"@type":"ListItem","position":2,"name":"Assistenza cantieri"}]},{"@type":"WebSite","@id":"https:\/\/geometracarboni.it\/gc\/#website","url":"https:\/\/geometracarboni.it\/gc\/","name":"Studio Geometra Carboni","description":"studio tecnico di progettazione","publisher":{"@id":"https:\/\/geometracarboni.it\/gc\/#\/schema\/person\/ce80f0810a44b8523736184b269ce05c"},"potentialAction":[{"@type":"SearchAction","target":{"@type":"EntryPoint","urlTemplate":"https:\/\/geometracarboni.it\/gc\/?s={search_term_string}"},"query-input":{"@type":"PropertyValueSpecification","valueRequired":true,"valueName":"search_term_string"}}],"inLanguage":"it-IT"},{"@type":["Person","Organization"],"@id":"https:\/\/geometracarboni.it\/gc\/#\/schema\/person\/ce80f0810a44b8523736184b269ce05c","name":"giuseppe carboni","image":{"@type":"ImageObject","inLanguage":"it-IT","@id":"https:\/\/geometracarboni.it\/gc\/#\/schema\/person\/image\/","url":"https:\/\/geometracarboni.it\/gc\/wp-content\/uploads\/2025\/03\/12297140_4903443.svg","contentUrl":"https:\/\/geometracarboni.it\/gc\/wp-content\/uploads\/2025\/03\/12297140_4903443.svg","width":1,"height":1,"caption":"giuseppe carboni"},"logo":{"@id":"https:\/\/geometracarboni.it\/gc\/#\/schema\/person\/image\/"}}]}},"_links":{"self":[{"href":"https:\/\/geometracarboni.it\/gc\/index.php\/wp-json\/wp\/v2\/pages\/3428","targetHints":{"allow":["GET"]}}],"collection":[{"href":"https:\/\/geometracarboni.it\/gc\/index.php\/wp-json\/wp\/v2\/pages"}],"about":[{"href":"https:\/\/geometracarboni.it\/gc\/index.php\/wp-json\/wp\/v2\/types\/page"}],"author":[{"embeddable":true,"href":"https:\/\/geometracarboni.it\/gc\/index.php\/wp-json\/wp\/v2\/users\/1"}],"replies":[{"embeddable":true,"href":"https:\/\/geometracarboni.it\/gc\/index.php\/wp-json\/wp\/v2\/comments?post=3428"}],"version-history":[{"count":1,"href":"https:\/\/geometracarboni.it\/gc\/index.php\/wp-json\/wp\/v2\/pages\/3428\/revisions"}],"predecessor-version":[{"id":3644,"href":"https:\/\/geometracarboni.it\/gc\/index.php\/wp-json\/wp\/v2\/pages\/3428\/revisions\/3644"}],"wp:attachment":[{"href":"https:\/\/geometracarboni.it\/gc\/index.php\/wp-json\/wp\/v2\/media?parent=3428"}],"curies":[{"name":"wp","href":"https:\/\/api.w.org\/{rel}","templated":true}]}}