{"id":3502,"date":"2025-03-09T08:54:14","date_gmt":"2025-03-09T08:54:14","guid":{"rendered":"https:\/\/geocarbo.ieraora.com\/?page_id=3502"},"modified":"2025-03-25T20:19:40","modified_gmt":"2025-03-25T20:19:40","slug":"progettazione","status":"publish","type":"page","link":"https:\/\/geometracarboni.it\/gc\/index.php\/progettazione\/","title":{"rendered":"Progettazione"},"content":{"rendered":"<h1>Le Fasi di Progettazione<\/h1>\n<div>\n<p>strumenti utilizzati<\/p>\n<\/div>\n<h2>Lo Studio di Fattibilit\u00e0 Tecnica ed Economica<br \/>\u00e9 uno studio preliminare che valuta la realizzabilit\u00e0 di un progetto edile.<br \/>In generale <em>individua, tra \u00a0piu&#8217; \u00a0soluzioni, \u00a0quella \u00a0che \u00a0presenta \u00a0il \u00a0miglior rapporto tra costi e benefici<\/em>.<br \/>Fornisce\u00a0\u00a0a tutti i soggetti coinvolti nel progetto le informazioni necessarie per prendere decisioni informate.<\/h2>\n<ul>\n<li>\n<h3>Studio preliminare<\/h3>\n<div>\n<p><span>Studio preliminare nel quale si definiscono le tipologie edilizie, l\u2019idea estetica generale, i volumi, le superfici e le altezze totali, in base ai requisiti urbanistici vigenti.<\/span><br \/><span>Con questi primi dati, gi\u00e0 si pu\u00f2 utilizzare una stima di massima dei costi.<\/span><br \/><span>in questa fase preliminare, vengono inoltre eseguite tutte le attivit\u00e0 specialistiche necessarie ad inquadrare le caratteristiche tecniche dell\u2019area oggetto di intervento.<\/span><\/p>\n<\/div>\n<\/li>\n<li>\n<h3>Progetto Architettonico<\/h3>\n<div>\n<p><span>Progetto finale che viene inviato al Comune per le Autorizzazioni Edilizie e Urbanistiche. Questo \u00e8 il progetto \u201cufficiale\u201d che dovr\u00e0 essere rigorosamente rispettato. Eventuali modifiche dovranno essere oggetto di Varianti.<\/span><\/p>\n<\/div>\n<\/li>\n<li>\n<h3>Progetto Esecutivo<\/h3>\n<div>\n<p><span>Progetto cantierabile di dettaglio costruttivo, nel quale vengono affrontate e disegnati tutti i particolari costruttivi necessari ad una corretta organizzazione delle fasi operative di cantiere. Il progetto esecutivo deve essere pronto prima dell\u2019inizio dei lavori.<\/span><\/p>\n<\/div>\n<\/li>\n<li>\n<h3>Supervisione<\/h3>\n<div>\n<p>Assistenza al Capo Cantiere nella supervisione e nella programmazione delle attivit\u00e0 di cantiere<\/p>\n<\/div>\n<\/li>\n<li>\n<h3>Sicurezza<\/h3>\n<div>\n<p>Monitorare la conformit\u00e0 delle attivit\u00e0 di cantiere, in riferimento alla normativa vigente, in materia di Sicurezza sul Lavoro, Qualit\u00e0 e Ambiente<\/p>\n<\/div>\n<\/li>\n<li>\n<h3>Accatastamenti<\/h3>\n<div>\n<p>accatastamenti<\/p>\n<\/div>\n<\/li>\n<li>\n<h3>Fine Lavori<\/h3>\n<div>\n<p>documenti di fine lavoro e agibilit\u00e0<\/p>\n<\/div>\n<\/li>\n<\/ul>\n<p><!--more--><br \/>\n<!-- {\"type\":\"layout\",\"children\":[{\"name\":\"Hero\",\"type\":\"section\",\"props\":{\"animation\":\"fade\",\"height\":\"viewport\",\"height_offset_top\":true,\"image\":\"wp-content\\\/uploads\\\/2025\\\/03\\\/architects-designers-working-office-2.jpg\",\"image_effect\":\"fixed\",\"image_loading\":true,\"image_position\":\"center-center\",\"image_size\":\"contain\",\"image_width\":\"2560\",\"style\":\"default\",\"title_breakpoint\":\"xl\",\"title_position\":\"top-left\",\"title_rotation\":\"left\",\"vertical_align\":\"middle\",\"width\":\"default\"},\"children\":[{\"type\":\"row\",\"children\":[{\"type\":\"column\",\"props\":{\"image_position\":\"center-center\",\"position_sticky_breakpoint\":\"m\",\"text_color\":\"dark\",\"width_medium\":\"1-1\"},\"children\":[{\"type\":\"text\",\"props\":{\"column_breakpoint\":\"m\",\"content\":\"\",\"margin\":\"default\",\"text_align\":\"center\",\"text_style\":\"meta\"}},{\"type\":\"headline\",\"props\":{\"content\":\"Le Fasi di Progettazione\",\"margin_remove_top\":true,\"text_align\":\"center\",\"title_color\":\"primary\",\"title_decoration\":\"bullet\",\"title_element\":\"h1\",\"title_style\":\"heading-small\"}},{\"type\":\"text\",\"props\":{\"block_align\":\"center\",\"column_breakpoint\":\"m\",\"content\":\"\n\n<p>strumenti utilizzati<\\\/p>\",\"margin\":\"default\",\"maxwidth\":\"xlarge\",\"text_align\":\"center\"}}]}]}]},{\"name\":\"Studio presentation\",\"type\":\"section\",\"props\":{\"animation\":\"slide-top-small\",\"animation_delay\":\"200\",\"image_position\":\"center-center\",\"image_size\":\"cover\",\"style\":\"default\",\"title_breakpoint\":\"xl\",\"title_position\":\"top-left\",\"title_rotation\":\"left\",\"vertical_align\":\"\",\"width\":\"default\"},\"children\":[{\"type\":\"row\",\"props\":{\"layout\":\"1-2,1-2\",\"margin\":\"large\"},\"children\":[{\"type\":\"column\",\"props\":{\"image_position\":\"center-center\",\"position_sticky_breakpoint\":\"m\",\"width_medium\":\"1-2\"},\"children\":[{\"type\":\"headline\",\"props\":{\"animation\":\"fade\",\"content\":\"Lo Studio di Fattibilit\\u00e0 Tecnica ed Economica<br \\\/>\\u00e9 uno studio preliminare che valuta la realizzabilit\\u00e0 di un progetto edile.<br \\\/>In generale <em>individua, tra \\u00a0piu' \\u00a0soluzioni, \\u00a0quella \\u00a0che \\u00a0presenta \\u00a0il \\u00a0miglior rapporto tra costi e benefici<\\\/em>.<br \\\/>Fornisce\\u00a0\\u00a0a tutti i soggetti coinvolti nel progetto le informazioni necessarie per prendere decisioni informate.\",\"title_decoration\":\"bullet\",\"title_element\":\"h2\",\"title_style\":\"h4\"}}]},{\"type\":\"column\",\"props\":{\"image_position\":\"center-center\",\"position_sticky_breakpoint\":\"m\",\"width_medium\":\"1-2\"},\"children\":[{\"type\":\"accordion\",\"props\":{\"collapsible\":true,\"content_column_breakpoint\":\"m\",\"image_align\":\"top\",\"image_grid_breakpoint\":\"m\",\"image_grid_width\":\"1-2\",\"image_svg_color\":\"emphasis\",\"link_style\":\"default\",\"link_text\":\"Read more\",\"show_image\":true,\"show_link\":true},\"children\":[{\"type\":\"accordion_item\",\"props\":{\"content\":\"\n\n<p><span>Studio preliminare nel quale si definiscono le tipologie edilizie, l\\u2019idea estetica generale, i volumi, le superfici e le altezze totali, in base ai requisiti urbanistici vigenti.<\\\/span><br \\\/><span>Con questi primi dati, gi\\u00e0 si pu\\u00f2 utilizzare una stima di massima dei costi.<\\\/span><br \\\/><span>in questa fase preliminare, vengono inoltre eseguite tutte le attivit\\u00e0 specialistiche necessarie ad inquadrare le caratteristiche tecniche dell\\u2019area oggetto di intervento.<\\\/span><\\\/p>\",\"title\":\"Studio preliminare\"}},{\"type\":\"accordion_item\",\"props\":{\"content\":\"\n\n<p><span>Progetto finale che viene inviato al Comune per le Autorizzazioni Edilizie e Urbanistiche. Questo \\u00e8 il progetto \\u201cufficiale\\u201d che dovr\\u00e0 essere rigorosamente rispettato. Eventuali modifiche dovranno essere oggetto di Varianti.<\\\/span><\\\/p>\",\"title\":\"Progetto Architettonico\"}},{\"type\":\"accordion_item\",\"props\":{\"content\":\"\n\n<p><span>Progetto cantierabile di dettaglio costruttivo, nel quale vengono affrontate e disegnati tutti i particolari costruttivi necessari ad una corretta organizzazione delle fasi operative di cantiere. Il progetto esecutivo deve essere pronto prima dell\\u2019inizio dei lavori.<\\\/span><\\\/p>\",\"title\":\"Progetto Esecutivo\"}},{\"type\":\"accordion_item\",\"props\":{\"content\":\"\n\n<p>Assistenza al Capo Cantiere nella supervisione e nella programmazione delle attivit\\u00e0 di cantiere<\\\/p>\",\"title\":\"Supervisione\"}},{\"type\":\"accordion_item\",\"props\":{\"content\":\"\n\n<p>Monitorare la conformit\\u00e0 delle attivit\\u00e0 di cantiere, in riferimento alla normativa vigente, in materia di Sicurezza sul Lavoro, Qualit\\u00e0 e Ambiente<\\\/p>\",\"title\":\"Sicurezza\"}},{\"type\":\"accordion_item\",\"props\":{\"content\":\"\n\n<p>accatastamenti<\\\/p>\",\"title\":\"Accatastamenti\"}},{\"type\":\"accordion_item\",\"props\":{\"content\":\"\n\n<p>documenti di fine lavoro e agibilit\\u00e0<\\\/p>\",\"title\":\"Fine Lavori\"}}]}]}]}]}],\"version\":\"4.5.10\"} --><\/p>\n","protected":false},"excerpt":{"rendered":"<p>Le Fasi di Progettazione strumenti utilizzati Lo Studio di Fattibilit\u00e0 Tecnica ed Economica\u00e9 uno studio preliminare che valuta la realizzabilit\u00e0 di un progetto edile.In generale individua, tra \u00a0piu&#8217; \u00a0soluzioni, \u00a0quella \u00a0che \u00a0presenta \u00a0il \u00a0miglior rapporto tra costi e benefici.Fornisce\u00a0\u00a0a tutti i soggetti coinvolti nel progetto le informazioni necessarie per prendere decisioni informate. Studio preliminare Studio [&hellip;]<\/p>\n","protected":false},"author":1,"featured_media":0,"parent":0,"menu_order":1,"comment_status":"open","ping_status":"closed","template":"","meta":{"footnotes":""},"class_list":["post-3502","page","type-page","status-publish","hentry"],"yoast_head":"<!-- This site is optimized with the Yoast SEO plugin v24.8.1 - https:\/\/yoast.com\/wordpress\/plugins\/seo\/ -->\n<title>Progettazione - Studio Geometra Carboni<\/title>\n<meta name=\"robots\" content=\"index, follow, max-snippet:-1, max-image-preview:large, max-video-preview:-1\" \/>\n<link rel=\"canonical\" href=\"https:\/\/geometracarboni.it\/gc\/index.php\/progettazione\/\" \/>\n<meta property=\"og:locale\" content=\"it_IT\" \/>\n<meta property=\"og:type\" content=\"article\" \/>\n<meta property=\"og:title\" content=\"Progettazione - Studio Geometra Carboni\" \/>\n<meta property=\"og:description\" content=\"Le Fasi di Progettazione strumenti utilizzati Lo Studio di Fattibilit\u00e0 Tecnica ed Economica\u00e9 uno studio preliminare che valuta la realizzabilit\u00e0 di un progetto edile.In generale individua, tra \u00a0piu&#8217; \u00a0soluzioni, \u00a0quella \u00a0che \u00a0presenta \u00a0il \u00a0miglior rapporto tra costi e benefici.Fornisce\u00a0\u00a0a tutti i soggetti coinvolti nel progetto le informazioni necessarie per prendere decisioni informate. Studio preliminare Studio [&hellip;]\" \/>\n<meta property=\"og:url\" content=\"https:\/\/geometracarboni.it\/gc\/index.php\/progettazione\/\" \/>\n<meta property=\"og:site_name\" content=\"Studio Geometra Carboni\" \/>\n<meta property=\"article:modified_time\" content=\"2025-03-25T20:19:40+00:00\" \/>\n<meta name=\"twitter:card\" content=\"summary_large_image\" \/>\n<meta name=\"twitter:label1\" content=\"Tempo di lettura stimato\" \/>\n\t<meta name=\"twitter:data1\" content=\"1 minuto\" \/>\n<script type=\"application\/ld+json\" class=\"yoast-schema-graph\">{\"@context\":\"https:\/\/schema.org\",\"@graph\":[{\"@type\":\"WebPage\",\"@id\":\"https:\/\/geometracarboni.it\/gc\/index.php\/progettazione\/\",\"url\":\"https:\/\/geometracarboni.it\/gc\/index.php\/progettazione\/\",\"name\":\"Progettazione - Studio Geometra Carboni\",\"isPartOf\":{\"@id\":\"https:\/\/geometracarboni.it\/gc\/#website\"},\"datePublished\":\"2025-03-09T08:54:14+00:00\",\"dateModified\":\"2025-03-25T20:19:40+00:00\",\"breadcrumb\":{\"@id\":\"https:\/\/geometracarboni.it\/gc\/index.php\/progettazione\/#breadcrumb\"},\"inLanguage\":\"it-IT\",\"potentialAction\":[{\"@type\":\"ReadAction\",\"target\":[\"https:\/\/geometracarboni.it\/gc\/index.php\/progettazione\/\"]}]},{\"@type\":\"BreadcrumbList\",\"@id\":\"https:\/\/geometracarboni.it\/gc\/index.php\/progettazione\/#breadcrumb\",\"itemListElement\":[{\"@type\":\"ListItem\",\"position\":1,\"name\":\"Home\",\"item\":\"https:\/\/geometracarboni.it\/gc\/\"},{\"@type\":\"ListItem\",\"position\":2,\"name\":\"Progettazione\"}]},{\"@type\":\"WebSite\",\"@id\":\"https:\/\/geometracarboni.it\/gc\/#website\",\"url\":\"https:\/\/geometracarboni.it\/gc\/\",\"name\":\"Studio Geometra Carboni\",\"description\":\"studio tecnico di progettazione\",\"publisher\":{\"@id\":\"https:\/\/geometracarboni.it\/gc\/#\/schema\/person\/ce80f0810a44b8523736184b269ce05c\"},\"potentialAction\":[{\"@type\":\"SearchAction\",\"target\":{\"@type\":\"EntryPoint\",\"urlTemplate\":\"https:\/\/geometracarboni.it\/gc\/?s={search_term_string}\"},\"query-input\":{\"@type\":\"PropertyValueSpecification\",\"valueRequired\":true,\"valueName\":\"search_term_string\"}}],\"inLanguage\":\"it-IT\"},{\"@type\":[\"Person\",\"Organization\"],\"@id\":\"https:\/\/geometracarboni.it\/gc\/#\/schema\/person\/ce80f0810a44b8523736184b269ce05c\",\"name\":\"giuseppe carboni\",\"image\":{\"@type\":\"ImageObject\",\"inLanguage\":\"it-IT\",\"@id\":\"https:\/\/geometracarboni.it\/gc\/#\/schema\/person\/image\/\",\"url\":\"https:\/\/geometracarboni.it\/gc\/wp-content\/uploads\/2025\/03\/12297140_4903443.svg\",\"contentUrl\":\"https:\/\/geometracarboni.it\/gc\/wp-content\/uploads\/2025\/03\/12297140_4903443.svg\",\"width\":1,\"height\":1,\"caption\":\"giuseppe carboni\"},\"logo\":{\"@id\":\"https:\/\/geometracarboni.it\/gc\/#\/schema\/person\/image\/\"}}]}<\/script>\n<!-- \/ Yoast SEO plugin. -->","yoast_head_json":{"title":"Progettazione - Studio Geometra Carboni","robots":{"index":"index","follow":"follow","max-snippet":"max-snippet:-1","max-image-preview":"max-image-preview:large","max-video-preview":"max-video-preview:-1"},"canonical":"https:\/\/geometracarboni.it\/gc\/index.php\/progettazione\/","og_locale":"it_IT","og_type":"article","og_title":"Progettazione - Studio Geometra Carboni","og_description":"Le Fasi di Progettazione strumenti utilizzati Lo Studio di Fattibilit\u00e0 Tecnica ed Economica\u00e9 uno studio preliminare che valuta la realizzabilit\u00e0 di un progetto edile.In generale individua, tra \u00a0piu&#8217; \u00a0soluzioni, \u00a0quella \u00a0che \u00a0presenta \u00a0il \u00a0miglior rapporto tra costi e benefici.Fornisce\u00a0\u00a0a tutti i soggetti coinvolti nel progetto le informazioni necessarie per prendere decisioni informate. Studio preliminare Studio [&hellip;]","og_url":"https:\/\/geometracarboni.it\/gc\/index.php\/progettazione\/","og_site_name":"Studio Geometra Carboni","article_modified_time":"2025-03-25T20:19:40+00:00","twitter_card":"summary_large_image","twitter_misc":{"Tempo di lettura stimato":"1 minuto"},"schema":{"@context":"https:\/\/schema.org","@graph":[{"@type":"WebPage","@id":"https:\/\/geometracarboni.it\/gc\/index.php\/progettazione\/","url":"https:\/\/geometracarboni.it\/gc\/index.php\/progettazione\/","name":"Progettazione - Studio Geometra Carboni","isPartOf":{"@id":"https:\/\/geometracarboni.it\/gc\/#website"},"datePublished":"2025-03-09T08:54:14+00:00","dateModified":"2025-03-25T20:19:40+00:00","breadcrumb":{"@id":"https:\/\/geometracarboni.it\/gc\/index.php\/progettazione\/#breadcrumb"},"inLanguage":"it-IT","potentialAction":[{"@type":"ReadAction","target":["https:\/\/geometracarboni.it\/gc\/index.php\/progettazione\/"]}]},{"@type":"BreadcrumbList","@id":"https:\/\/geometracarboni.it\/gc\/index.php\/progettazione\/#breadcrumb","itemListElement":[{"@type":"ListItem","position":1,"name":"Home","item":"https:\/\/geometracarboni.it\/gc\/"},{"@type":"ListItem","position":2,"name":"Progettazione"}]},{"@type":"WebSite","@id":"https:\/\/geometracarboni.it\/gc\/#website","url":"https:\/\/geometracarboni.it\/gc\/","name":"Studio Geometra Carboni","description":"studio tecnico di progettazione","publisher":{"@id":"https:\/\/geometracarboni.it\/gc\/#\/schema\/person\/ce80f0810a44b8523736184b269ce05c"},"potentialAction":[{"@type":"SearchAction","target":{"@type":"EntryPoint","urlTemplate":"https:\/\/geometracarboni.it\/gc\/?s={search_term_string}"},"query-input":{"@type":"PropertyValueSpecification","valueRequired":true,"valueName":"search_term_string"}}],"inLanguage":"it-IT"},{"@type":["Person","Organization"],"@id":"https:\/\/geometracarboni.it\/gc\/#\/schema\/person\/ce80f0810a44b8523736184b269ce05c","name":"giuseppe carboni","image":{"@type":"ImageObject","inLanguage":"it-IT","@id":"https:\/\/geometracarboni.it\/gc\/#\/schema\/person\/image\/","url":"https:\/\/geometracarboni.it\/gc\/wp-content\/uploads\/2025\/03\/12297140_4903443.svg","contentUrl":"https:\/\/geometracarboni.it\/gc\/wp-content\/uploads\/2025\/03\/12297140_4903443.svg","width":1,"height":1,"caption":"giuseppe carboni"},"logo":{"@id":"https:\/\/geometracarboni.it\/gc\/#\/schema\/person\/image\/"}}]}},"_links":{"self":[{"href":"https:\/\/geometracarboni.it\/gc\/index.php\/wp-json\/wp\/v2\/pages\/3502","targetHints":{"allow":["GET"]}}],"collection":[{"href":"https:\/\/geometracarboni.it\/gc\/index.php\/wp-json\/wp\/v2\/pages"}],"about":[{"href":"https:\/\/geometracarboni.it\/gc\/index.php\/wp-json\/wp\/v2\/types\/page"}],"author":[{"embeddable":true,"href":"https:\/\/geometracarboni.it\/gc\/index.php\/wp-json\/wp\/v2\/users\/1"}],"replies":[{"embeddable":true,"href":"https:\/\/geometracarboni.it\/gc\/index.php\/wp-json\/wp\/v2\/comments?post=3502"}],"version-history":[{"count":1,"href":"https:\/\/geometracarboni.it\/gc\/index.php\/wp-json\/wp\/v2\/pages\/3502\/revisions"}],"predecessor-version":[{"id":3795,"href":"https:\/\/geometracarboni.it\/gc\/index.php\/wp-json\/wp\/v2\/pages\/3502\/revisions\/3795"}],"wp:attachment":[{"href":"https:\/\/geometracarboni.it\/gc\/index.php\/wp-json\/wp\/v2\/media?parent=3502"}],"curies":[{"name":"wp","href":"https:\/\/api.w.org\/{rel}","templated":true}]}}