{"id":3527,"date":"2019-09-09T11:22:34","date_gmt":"2019-09-09T11:22:34","guid":{"rendered":"http:\/\/geocarbo.ieraora.com\/?p=19"},"modified":"2019-09-09T11:22:34","modified_gmt":"2019-09-09T11:22:34","slug":"quasi-una-fiaba","status":"publish","type":"page","link":"https:\/\/geometracarboni.it\/gc\/index.php\/quasi-una-fiaba\/","title":{"rendered":"Quasi una fiaba"},"content":{"rendered":"<h1>\n<h1><span>Benvenuti, <br \/>quello che segue \u00e8 il racconto dei sessant&#8217;anni della Costa Smeralda.<\/p>\n<p>Vengono ricordate le origini del mito turistico, la favola del principe Aga Khan perdutamente innamorato di questa terra selvaggia e inaccessibile.<\/p>\n<p>Lo sviluppo del progetto e la conquista della fama internazionale, guadagnata anche grazie alla migrazione verso la neonata destinazione turistica di personalit\u00e0 dello spettacolo e del capitalismo mondiale.<\/p>\n<p>Il notaio, Mario Altea di Tempio, chiamato a suggellare la nascita del Consorzio con i suoi 1800 ettari:\u00a0<\/p>\n<p>\u00abTutto chiaro?\u00bb chiese Altea. \u00abTutto chiaro\u00bb risposero, senza bisogno dell\u2019interprete, Karim Aga Khan, Patrick Guinness, Felix Bigio, Andr\u00e8 Ardoin, John Duncan Miller e Ren\u00e9 Podbielski. Per i sei soci fondatori, il meno era fatto.<\/p>\n<p><\/span><\/h1>\n<\/h1>\n<p><img decoding=\"async\" src=\"\/wp-content\/uploads\/yootheme\/imprint-01.svg\" alt=\"\"><br \/>\n<img decoding=\"async\" src=\"\/wp-content\/uploads\/yootheme\/imprint-02.svg\" alt=\"\"><\/p>\n<h2><span class=\"uk-heading-divider uk-display-inline-block\"><span class=\"uk-text-primary\">la costa+<\/span>smeralda<\/span><\/h2>\n<h3>Studio+Tecnico<\/h3>\n<div>\n<p>Viale Costa Smeralda, 51<br \/>07021 Arzachena \u2013 Sassari<br \/>Tel: +39 0789 81454 <br \/>+39 347 5958983 <br \/>Email: <a href=\"mailto:info@geometracarboni.it\">info@geometracarboni.it<\/a><\/p>\n<\/div>\n<h3>Managing Directors<\/h3>\n<div>\n<p>Geom. Giuseppe Carboni<\/p>\n<\/div>\n<div>\n<p>        <img decoding=\"async\" src=\"\/wp-content\/uploads\/2024\/01\/StellaMarisHD_6.jpg\" alt=\"\"><\/p>\n<h3>Una bella storia<\/h3>\n<div>\n<p><span><span>Benvenuti, quello che segue \u00e8 il racconto dei sessant&#8217;anni della Costa Smeralda, dalla fondazione avvenuta nel 1962 ai giorni nostri. <\/span><\/span><\/p>\n<p><span><span>Vengono ricordate le origini del mito turistico, la favola del principe Aga Khan perdutamente innamorato di questa terra selvaggia e inaccessibile , lo sviluppo del progetto \u00a0e la conquista della fama internazionale, guadagnata anche grazie alla migrazione verso la neonata destinazione turistica di personalit\u00e0 dello spettacolo e del capitalismo mondiale. <\/span><\/span><\/p>\n<p><span><span>I cantieri venivano riforniti con acqua trasportata con le autobotti, dal momento che non esistevano reti idriche. Un handicap gravissimo cui ovvi\u00f2, a partire dal 1962, l&#8217;inaugurazione della diga del Liscia. Un&#8217;opera pubblica resa possibile grazie alle sinergie politiche che trovarono riferimento prezioso addirittura al Quirinale, dove si era insediato il sassarese Antonio Segni. <\/span><\/span><\/p>\n<p><span><span>Nel 1965 venne inaugurato &#8211; inizialmente in una sede di Porto Cervo &#8211; l&#8217;Istituto professionale Alberghiero per fornire ai giovani locali la formazione necessaria per diventare camerieri, cuochi, baristi e addetti al ricevimento, laddove questa cultura non era mai esistita. Una scelta lungimirante, anch&#8217;essa compresa nella concezione del piano di sviluppo integrato, giunta felicemente sino ai giorni nostri, dal momento che l&#8217;Istituto resta la pi\u00f9 importante realt\u00e0 della Sardegna nell&#8217;addestramento del personale alberghiero e di tutte le attivit\u00e0 connesse. <\/span><\/span><\/p>\n<p><span><span>La leggenda della Costa Smeralda, in quegli anni, venne alimentata dall&#8217;Aga Khan e dalla cerchia dei fondatori del Consorzio anche grazie ad una abile campagna mediatica.<\/span><\/span><\/p>\n<p><span><span> Personalit\u00e0 di fama mondiale del cinema, dell&#8217;industria e della politica vennero invitati a conoscere il nuovo comprensorio e la sola loro presenza diventava occasione di reportage e commenti da parte di ogni mezzo di stampa. Arrivo di vip che, molto letterariamente, veniva dipinto come il compiersi di una favola in una terra fino a pochi anni prima povera e quasi impenetrabile.<\/span><\/span><\/p>\n<p>tratto da La Nuova Sardegna<\/p>\n<p><strong>PORTO CERVO. <\/strong>Quella mattina, esattamente 60 anni fa a oggi, si ritrovarono seduti attorno a un tavolo in un palazzo di corso Umberto, civico 193, a Olbia. Avevano davanti decine di atti di compravendita che in un anno avevano fatto cambiare propriet\u00e0 a 1800 ettari, e un notaio, Mario Altea di Tempio, chiamato a suggellare la nascita di un consorzio che trasformer\u00e0 l&#8217;Unfarru dei pastori nel paradiso dei turisti, Monti di Mola in Costa Smeralda.<\/p>\n<p>\u00abTutto chiaro?\u00bb chiese Altea. \u00abTutto chiaro\u00bb risposero, senza bisogno dell&#8217;interprete, Karim Aga Khan, Patrick Guinness, Felix Bigio, Andr\u00e8 Ardoin, John Duncan Miller e Ren\u00e9 Podbielski. Per i sei soci fondatori, il meno era fatto.<\/p>\n<p>Il cammino verso la costruzione della Costa Smeralda, cominciato tre anni prima con la &#8220;scoperta&#8221; di Capriccioli, era solo all&#8217;inizio, e la sua percorrenza si annunciava tortuosa e anche pericolosa. Come realizzare un investimento in una zona, Monti di Mola, in cui non c&#8217;erano strade, acqua, luce elettrica? I soldi non mancavano di certo. Dietro l&#8217;Aga Khan e le sue societ\u00e0, sede a Vaduz, c&#8217;erano tra le famiglie pi\u00f9 ricche d&#8217;Europa, dai Rothschild ai Furstenberg.<\/p>\n<p>Avevano trovato un&#8217;isola cos\u00ec simile ai Caraibi, e cos\u00ec vicina a Londra e Parigi, che potevano permettersi anche di perderci qualcosa.<\/p>\n<\/div>\n<\/div>\n<h1>Ecco come viene trasformata una zona di pastori nel paradiso dei turisti in Costa Smeralda<\/h1>\n<ul>\n<li>\n<p>        <img decoding=\"async\" src=\"\/wp-content\/uploads\/2024\/01\/portocervo-agli-albori.jpg\" alt=\"\"><\/p>\n<h3>Porto Cervo agli albori<\/h3>\n<\/li>\n<li>\n<p>        <img decoding=\"async\" src=\"\/wp-content\/uploads\/2024\/01\/portocervo60.jpg\" alt=\"\"><\/p>\n<h3>I primi alberghi a Porto Cervo<\/h3>\n<p>I primi alberghi a Porto Cervo<\/p>\n<div>\n<p>I primi alberghi a Porto Cervo<\/p>\n<\/div>\n<\/li>\n<li>\n<p>        <img decoding=\"async\" src=\"\/wp-content\/uploads\/2024\/01\/agakhan.jpg\" alt=\"\"><\/p>\n<h3>Il principe Aga Khan <\/h3>\n<p>arriva all&#8217;aeroporto di Olbia<\/p>\n<div>\n<p>Il principe Aga Khan<\/p>\n<\/div>\n<\/li>\n<li>\n<p>        <img decoding=\"async\" src=\"\/wp-content\/uploads\/2024\/01\/portocervo64.jpg\" alt=\"\"><\/p>\n<h3>Questa era  il paesaggio che si presentava nel 1964<\/h3>\n<div>\n<p>Inizio lavori 1964<\/p>\n<\/div>\n<\/li>\n<li>\n<p>        <img decoding=\"async\" src=\"\/wp-content\/uploads\/2024\/01\/ilporto_porto-cervo.jpg\" alt=\"\"><\/p>\n<h3>arrivano le prime imbarcazioni<\/h3>\n<p>le prime barche approdano<\/p>\n<div>\n<p>le prime barche su Porto Cervo<\/p>\n<\/div>\n<\/li>\n<\/ul>\n<p><!--more--><br \/>\n<!-- {\"type\":\"layout\",\"children\":[{\"name\":\"Imprint\",\"type\":\"section\",\"props\":{\"image_position\":\"center-center\",\"padding\":\"none\",\"style\":\"default\",\"title_breakpoint\":\"xl\",\"title_position\":\"top-left\",\"title_rotation\":\"left\",\"vertical_align\":\"middle\",\"width\":\"\"},\"children\":[{\"type\":\"row\",\"props\":{\"column_gap\":\"collapse\",\"height\":\"full\",\"layout\":\"1-2,1-2\",\"row_gap\":\"collapse\"},\"children\":[{\"type\":\"column\",\"props\":{\"css\":\"@media (min-width: 1200px){\\n    .el-column > * > *{\\n        padding-top:300px;\\n        padding-bottom: 300px;\\n    }\\n}\",\"image\":\"wp-content\\\/uploads\\\/yootheme\\\/imprint-bg.svg\",\"image_position\":\"bottom-left\",\"padding\":\"large\",\"position_sticky_breakpoint\":\"m\",\"style\":\"tile-primary\",\"width_large\":\"1-2\"},\"children\":[{\"type\":\"headline\",\"props\":{\"animation\":\"parallax\",\"block_align\":\"center\",\"content\":\"\n\n<h1><span>Benvenuti, <br \\\/>quello che segue \\u00e8 il racconto dei sessant'anni della Costa Smeralda.<br \\\/><br \\\/>Vengono ricordate le origini del mito turistico, la favola del principe Aga Khan perdutamente innamorato di questa terra selvaggia e inaccessibile.<br \\\/><br \\\/>Lo sviluppo del progetto e la conquista della fama internazionale, guadagnata anche grazie alla migrazione verso la neonata destinazione turistica di personalit\\u00e0 dello spettacolo e del capitalismo mondiale.<br \\\/><br \\\/>Il notaio, Mario Altea di Tempio, chiamato a suggellare la nascita del Consorzio con i suoi 1800 ettari:\\u00a0<br \\\/><br \\\/>\\u00abTutto chiaro?\\u00bb chiese Altea. \\u00abTutto chiaro\\u00bb risposero, senza bisogno dell\\u2019interprete, Karim Aga Khan, Patrick Guinness, Felix Bigio, Andr\\u00e8 Ardoin, John Duncan Miller e Ren\\u00e9 Podbielski. Per i sei soci fondatori, il meno era fatto.<br \\\/><br \\\/><\\\/span><\\\/h1>\",\"maxwidth\":\"2xlarge\",\"maxwidth_breakpoint\":\"l\",\"parallax_breakpoint\":\"m\",\"parallax_easing\":\"1\",\"parallax_y\":\"-50,50\",\"text_align\":\"left\",\"title_element\":\"h1\",\"title_style\":\"heading-xlarge\"}},{\"type\":\"image\",\"props\":{\"animation\":\"parallax\",\"image\":\"wp-content\\\/uploads\\\/yootheme\\\/imprint-01.svg\",\"image_svg_animate\":false,\"image_svg_color\":\"emphasis\",\"image_svg_inline\":true,\"margin\":\"xlarge\",\"parallax_breakpoint\":\"s\",\"parallax_easing\":\"0.3\",\"parallax_rotate\":\"10,60\",\"parallax_x\":\"500,600\",\"parallax_y\":\"200,0\"}},{\"type\":\"image\",\"props\":{\"animation\":\"parallax\",\"image\":\"wp-content\\\/uploads\\\/yootheme\\\/imprint-02.svg\",\"image_svg_animate\":false,\"image_svg_color\":\"emphasis\",\"image_svg_inline\":true,\"margin\":\"xlarge\",\"parallax_breakpoint\":\"s\",\"parallax_easing\":\"0.5\",\"parallax_rotate\":\"140,80\",\"parallax_x\":\"100,-200\",\"parallax_y\":\"500,400\",\"visibility\":\"m\"}}]},{\"type\":\"column\",\"props\":{\"image_position\":\"center-center\",\"padding\":\"large\",\"position_sticky_breakpoint\":\"m\",\"style\":\"tile-default\",\"vertical_align\":\"middle\",\"width_large\":\"1-2\"},\"children\":[{\"type\":\"headline\",\"props\":{\"block_align\":\"center\",\"content\":\"<span class=\\\"uk-heading-divider uk-display-inline-block\\\"><span class=\\\"uk-text-primary\\\">la costa+<\\\/span>smeralda<\\\/span>\",\"margin\":\"large\",\"maxwidth\":\"xlarge\",\"maxwidth_breakpoint\":\"l\",\"title_element\":\"h2\",\"title_style\":\"heading-medium\"}},{\"type\":\"headline\",\"props\":{\"block_align\":\"center\",\"content\":\"Studio+Tecnico\",\"margin\":\"remove-vertical\",\"maxwidth\":\"xlarge\",\"maxwidth_breakpoint\":\"l\",\"title_element\":\"h3\",\"title_style\":\"h5\"}},{\"type\":\"text\",\"props\":{\"block_align\":\"center\",\"column_breakpoint\":\"m\",\"content\":\"\n\n<p>Viale Costa Smeralda, 51<br \\\/>07021 Arzachena \\u2013 Sassari<br \\\/>Tel: +39 0789 81454 <br \\\/>+39 347 5958983 <br \\\/>Email: <a href=\\\"mailto:info@geometracarboni.it\\\">info@geometracarboni.it<\\\/a><\\\/p>\",\"margin\":\"default\",\"margin_remove_bottom\":false,\"margin_remove_top\":true,\"maxwidth\":\"xlarge\",\"maxwidth_breakpoint\":\"l\"}},{\"type\":\"headline\",\"props\":{\"block_align\":\"center\",\"content\":\"Managing Directors\",\"margin\":\"remove-vertical\",\"maxwidth\":\"xlarge\",\"maxwidth_breakpoint\":\"l\",\"title_element\":\"h3\",\"title_style\":\"h5\"}},{\"type\":\"text\",\"props\":{\"block_align\":\"center\",\"column_breakpoint\":\"m\",\"content\":\"\n\n<p>Geom. Giuseppe Carboni<\\\/p>\",\"margin\":\"default\",\"margin_remove_top\":true,\"maxwidth\":\"xlarge\",\"maxwidth_breakpoint\":\"l\"}},{\"type\":\"panel\",\"props\":{\"block_align\":\"center\",\"content\":\"\n\n<p><span><span>Benvenuti, quello che segue \\u00e8 il racconto dei sessant'anni della Costa Smeralda, dalla fondazione avvenuta nel 1962 ai giorni nostri. <\\\/span><\\\/span><\\\/p>\\n\n\n<p><span><span>Vengono ricordate le origini del mito turistico, la favola del principe Aga Khan perdutamente innamorato di questa terra selvaggia e inaccessibile , lo sviluppo del progetto \\u00a0e la conquista della fama internazionale, guadagnata anche grazie alla migrazione verso la neonata destinazione turistica di personalit\\u00e0 dello spettacolo e del capitalismo mondiale. <\\\/span><\\\/span><\\\/p>\\n\n\n<p><span><span>I cantieri venivano riforniti con acqua trasportata con le autobotti, dal momento che non esistevano reti idriche. Un handicap gravissimo cui ovvi\\u00f2, a partire dal 1962, l'inaugurazione della diga del Liscia. Un'opera pubblica resa possibile grazie alle sinergie politiche che trovarono riferimento prezioso addirittura al Quirinale, dove si era insediato il sassarese Antonio Segni. <\\\/span><\\\/span><\\\/p>\\n\n\n<p><span><span>Nel 1965 venne inaugurato - inizialmente in una sede di Porto Cervo - l'Istituto professionale Alberghiero per fornire ai giovani locali la formazione necessaria per diventare camerieri, cuochi, baristi e addetti al ricevimento, laddove questa cultura non era mai esistita. Una scelta lungimirante, anch'essa compresa nella concezione del piano di sviluppo integrato, giunta felicemente sino ai giorni nostri, dal momento che l'Istituto resta la pi\\u00f9 importante realt\\u00e0 della Sardegna nell'addestramento del personale alberghiero e di tutte le attivit\\u00e0 connesse. <\\\/span><\\\/span><\\\/p>\\n\n\n<p><span><span>La leggenda della Costa Smeralda, in quegli anni, venne alimentata dall'Aga Khan e dalla cerchia dei fondatori del Consorzio anche grazie ad una abile campagna mediatica.<\\\/span><\\\/span><\\\/p>\\n\n\n<p><span><span> Personalit\\u00e0 di fama mondiale del cinema, dell'industria e della politica vennero invitati a conoscere il nuovo comprensorio e la sola loro presenza diventava occasione di reportage e commenti da parte di ogni mezzo di stampa. Arrivo di vip che, molto letterariamente, veniva dipinto come il compiersi di una favola in una terra fino a pochi anni prima povera e quasi impenetrabile.<\\\/span><\\\/span><\\\/p>\\n\n\n<p>tratto da La Nuova Sardegna<\\\/p>\\n\n\n<p><strong>PORTO CERVO. <\\\/strong>Quella mattina, esattamente 60 anni fa a oggi, si ritrovarono seduti attorno a un tavolo in un palazzo di corso Umberto, civico 193, a Olbia. Avevano davanti decine di atti di compravendita che in un anno avevano fatto cambiare propriet\\u00e0 a 1800 ettari, e un notaio, Mario Altea di Tempio, chiamato a suggellare la nascita di un consorzio che trasformer\\u00e0 l'Unfarru dei pastori nel paradiso dei turisti, Monti di Mola in Costa Smeralda.<\\\/p>\\n\n\n<p>\\u00abTutto chiaro?\\u00bb chiese Altea. \\u00abTutto chiaro\\u00bb risposero, senza bisogno dell'interprete, Karim Aga Khan, Patrick Guinness, Felix Bigio, Andr\\u00e8 Ardoin, John Duncan Miller e Ren\\u00e9 Podbielski. Per i sei soci fondatori, il meno era fatto.<\\\/p>\\n\n\n<p>Il cammino verso la costruzione della Costa Smeralda, cominciato tre anni prima con la \\\"scoperta\\\" di Capriccioli, era solo all'inizio, e la sua percorrenza si annunciava tortuosa e anche pericolosa. Come realizzare un investimento in una zona, Monti di Mola, in cui non c'erano strade, acqua, luce elettrica? I soldi non mancavano di certo. Dietro l'Aga Khan e le sue societ\\u00e0, sede a Vaduz, c'erano tra le famiglie pi\\u00f9 ricche d'Europa, dai Rothschild ai Furstenberg.<\\\/p>\\n\n\n<p>Avevano trovato un'isola cos\\u00ec simile ai Caraibi, e cos\\u00ec vicina a Londra e Parigi, che potevano permettersi anche di perderci qualcosa.<\\\/p>\",\"content_align\":false,\"content_column_breakpoint\":\"m\",\"content_style\":\"h6\",\"icon_width\":80,\"image\":\"wp-content\\\/uploads\\\/2024\\\/01\\\/StellaMarisHD_6.jpg\",\"image_align\":\"top\",\"image_grid_breakpoint\":\"m\",\"image_grid_width\":\"1-2\",\"image_svg_color\":\"emphasis\",\"image_svg_inline\":false,\"link_style\":\"default\",\"link_text\":\"Read more\",\"margin\":\"default\",\"maxwidth\":\"xlarge\",\"maxwidth_breakpoint\":\"l\",\"meta_align\":\"below-title\",\"meta_element\":\"div\",\"meta_style\":\"text-meta\",\"panel_style\":\"card-default\",\"title\":\"Una bella storia\",\"title_align\":\"top\",\"title_element\":\"h3\",\"title_grid_breakpoint\":\"m\",\"title_grid_width\":\"1-2\",\"title_hover_style\":\"reset\",\"title_style\":\"h3\"}}]}]},{\"type\":\"row\",\"children\":[{\"type\":\"column\",\"props\":{\"image_position\":\"center-center\",\"position_sticky_breakpoint\":\"m\"},\"children\":[{\"type\":\"headline\",\"props\":{\"content\":\"Ecco come viene trasformata una zona di pastori nel paradiso dei turisti in Costa Smeralda\",\"text_align\":\"center\",\"title_decoration\":\"bullet\",\"title_element\":\"h1\",\"title_style\":\"h2\"}}]}]},{\"type\":\"row\",\"children\":[{\"type\":\"column\",\"props\":{\"image_position\":\"center-center\",\"position_sticky_breakpoint\":\"m\"},\"children\":[{\"type\":\"gallery\",\"props\":{\"filter_align\":\"left\",\"filter_all\":true,\"filter_grid_breakpoint\":\"m\",\"filter_grid_width\":\"auto\",\"filter_position\":\"top\",\"filter_style\":\"tab\",\"grid_default\":\"1\",\"grid_masonry\":\"pack\",\"grid_medium\":\"3\",\"grid_parallax\":\"580\",\"item_animation\":true,\"link_style\":\"default\",\"link_text\":\"Read more\",\"margin\":\"default\",\"meta_align\":\"below-title\",\"meta_element\":\"div\",\"meta_style\":\"text-meta\",\"overlay_hover\":true,\"overlay_mode\":\"cover\",\"overlay_position\":\"center\",\"overlay_style\":\"overlay-primary\",\"overlay_transition\":\"fade\",\"show_content\":true,\"show_hover_image\":false,\"show_link\":false,\"show_meta\":true,\"show_title\":false,\"text_align\":\"center\",\"text_color\":\"light\",\"title_element\":\"h3\",\"title_hover_style\":\"reset\"},\"children\":[{\"type\":\"gallery_item\",\"props\":{\"image\":\"wp-content\\\/uploads\\\/2024\\\/01\\\/portocervo-agli-albori.jpg\",\"title\":\"Porto Cervo agli albori\"}},{\"type\":\"gallery_item\",\"props\":{\"content\":\"\n\n<p>I primi alberghi a Porto Cervo<\\\/p>\",\"image\":\"wp-content\\\/uploads\\\/2024\\\/01\\\/portocervo60.jpg\",\"meta\":\"I primi alberghi a Porto Cervo\",\"title\":\"I primi alberghi a Porto Cervo\"}},{\"type\":\"gallery_item\",\"props\":{\"content\":\"\n\n<p>Il principe Aga Khan<\\\/p>\",\"image\":\"wp-content\\\/uploads\\\/2024\\\/01\\\/agakhan.jpg\",\"meta\":\"arriva all'aeroporto di Olbia\",\"title\":\"Il principe Aga Khan \"}},{\"type\":\"gallery_item\",\"props\":{\"content\":\"\n\n<p>Inizio lavori 1964<\\\/p>\",\"image\":\"wp-content\\\/uploads\\\/2024\\\/01\\\/portocervo64.jpg\",\"title\":\"Questa era  il paesaggio che si presentava nel 1964\"}},{\"type\":\"gallery_item\",\"props\":{\"content\":\"\n\n<p>le prime barche su Porto Cervo<\\\/p>\",\"image\":\"wp-content\\\/uploads\\\/2024\\\/01\\\/ilporto_porto-cervo.jpg\",\"meta\":\"le prime barche approdano\",\"title\":\"arrivano le prime imbarcazioni\"}}]}]}]}]}],\"version\":\"4.2.11\"} --><\/p>\n","protected":false},"excerpt":{"rendered":"<p>Benvenuti, quello che segue \u00e8 il racconto dei sessant&#8217;anni della Costa Smeralda. Vengono ricordate le origini del mito turistico, la favola del principe Aga Khan perdutamente innamorato di questa terra selvaggia e inaccessibile. Lo sviluppo del progetto e la conquista della fama internazionale, guadagnata anche grazie alla migrazione verso la neonata destinazione turistica di personalit\u00e0 [&hellip;]<\/p>\n","protected":false},"author":1,"featured_media":0,"parent":0,"menu_order":2,"comment_status":"open","ping_status":"closed","template":"","meta":{"footnotes":""},"class_list":["post-3527","page","type-page","status-publish","hentry"],"yoast_head":"<!-- This site is optimized with the Yoast SEO plugin v24.8.1 - https:\/\/yoast.com\/wordpress\/plugins\/seo\/ -->\n<title>Quasi una fiaba - Studio Geometra Carboni<\/title>\n<meta name=\"robots\" content=\"index, follow, max-snippet:-1, max-image-preview:large, max-video-preview:-1\" \/>\n<link rel=\"canonical\" href=\"https:\/\/geometracarboni.it\/gc\/index.php\/quasi-una-fiaba\/\" \/>\n<meta property=\"og:locale\" content=\"it_IT\" \/>\n<meta property=\"og:type\" content=\"article\" \/>\n<meta property=\"og:title\" content=\"Quasi una fiaba - Studio Geometra Carboni\" \/>\n<meta property=\"og:description\" content=\"Benvenuti, quello che segue \u00e8 il racconto dei sessant&#8217;anni della Costa Smeralda. Vengono ricordate le origini del mito turistico, la favola del principe Aga Khan perdutamente innamorato di questa terra selvaggia e inaccessibile. Lo sviluppo del progetto e la conquista della fama internazionale, guadagnata anche grazie alla migrazione verso la neonata destinazione turistica di personalit\u00e0 [&hellip;]\" \/>\n<meta property=\"og:url\" content=\"https:\/\/geometracarboni.it\/gc\/index.php\/quasi-una-fiaba\/\" \/>\n<meta property=\"og:site_name\" content=\"Studio Geometra Carboni\" \/>\n<meta name=\"twitter:card\" content=\"summary_large_image\" \/>\n<meta name=\"twitter:label1\" content=\"Tempo di lettura stimato\" \/>\n\t<meta name=\"twitter:data1\" content=\"3 minuti\" \/>\n<script type=\"application\/ld+json\" class=\"yoast-schema-graph\">{\"@context\":\"https:\/\/schema.org\",\"@graph\":[{\"@type\":\"WebPage\",\"@id\":\"https:\/\/geometracarboni.it\/gc\/index.php\/quasi-una-fiaba\/\",\"url\":\"https:\/\/geometracarboni.it\/gc\/index.php\/quasi-una-fiaba\/\",\"name\":\"Quasi una fiaba - Studio Geometra Carboni\",\"isPartOf\":{\"@id\":\"https:\/\/geometracarboni.it\/gc\/#website\"},\"datePublished\":\"2019-09-09T11:22:34+00:00\",\"breadcrumb\":{\"@id\":\"https:\/\/geometracarboni.it\/gc\/index.php\/quasi-una-fiaba\/#breadcrumb\"},\"inLanguage\":\"it-IT\",\"potentialAction\":[{\"@type\":\"ReadAction\",\"target\":[\"https:\/\/geometracarboni.it\/gc\/index.php\/quasi-una-fiaba\/\"]}]},{\"@type\":\"BreadcrumbList\",\"@id\":\"https:\/\/geometracarboni.it\/gc\/index.php\/quasi-una-fiaba\/#breadcrumb\",\"itemListElement\":[{\"@type\":\"ListItem\",\"position\":1,\"name\":\"Home\",\"item\":\"https:\/\/geometracarboni.it\/gc\/\"},{\"@type\":\"ListItem\",\"position\":2,\"name\":\"Quasi una fiaba\"}]},{\"@type\":\"WebSite\",\"@id\":\"https:\/\/geometracarboni.it\/gc\/#website\",\"url\":\"https:\/\/geometracarboni.it\/gc\/\",\"name\":\"Studio Geometra Carboni\",\"description\":\"studio tecnico di progettazione\",\"publisher\":{\"@id\":\"https:\/\/geometracarboni.it\/gc\/#\/schema\/person\/ce80f0810a44b8523736184b269ce05c\"},\"potentialAction\":[{\"@type\":\"SearchAction\",\"target\":{\"@type\":\"EntryPoint\",\"urlTemplate\":\"https:\/\/geometracarboni.it\/gc\/?s={search_term_string}\"},\"query-input\":{\"@type\":\"PropertyValueSpecification\",\"valueRequired\":true,\"valueName\":\"search_term_string\"}}],\"inLanguage\":\"it-IT\"},{\"@type\":[\"Person\",\"Organization\"],\"@id\":\"https:\/\/geometracarboni.it\/gc\/#\/schema\/person\/ce80f0810a44b8523736184b269ce05c\",\"name\":\"giuseppe carboni\",\"image\":{\"@type\":\"ImageObject\",\"inLanguage\":\"it-IT\",\"@id\":\"https:\/\/geometracarboni.it\/gc\/#\/schema\/person\/image\/\",\"url\":\"https:\/\/geometracarboni.it\/gc\/wp-content\/uploads\/2025\/03\/12297140_4903443.svg\",\"contentUrl\":\"https:\/\/geometracarboni.it\/gc\/wp-content\/uploads\/2025\/03\/12297140_4903443.svg\",\"width\":1,\"height\":1,\"caption\":\"giuseppe carboni\"},\"logo\":{\"@id\":\"https:\/\/geometracarboni.it\/gc\/#\/schema\/person\/image\/\"}}]}<\/script>\n<!-- \/ Yoast SEO plugin. -->","yoast_head_json":{"title":"Quasi una fiaba - Studio Geometra Carboni","robots":{"index":"index","follow":"follow","max-snippet":"max-snippet:-1","max-image-preview":"max-image-preview:large","max-video-preview":"max-video-preview:-1"},"canonical":"https:\/\/geometracarboni.it\/gc\/index.php\/quasi-una-fiaba\/","og_locale":"it_IT","og_type":"article","og_title":"Quasi una fiaba - Studio Geometra Carboni","og_description":"Benvenuti, quello che segue \u00e8 il racconto dei sessant&#8217;anni della Costa Smeralda. Vengono ricordate le origini del mito turistico, la favola del principe Aga Khan perdutamente innamorato di questa terra selvaggia e inaccessibile. Lo sviluppo del progetto e la conquista della fama internazionale, guadagnata anche grazie alla migrazione verso la neonata destinazione turistica di personalit\u00e0 [&hellip;]","og_url":"https:\/\/geometracarboni.it\/gc\/index.php\/quasi-una-fiaba\/","og_site_name":"Studio Geometra Carboni","twitter_card":"summary_large_image","twitter_misc":{"Tempo di lettura stimato":"3 minuti"},"schema":{"@context":"https:\/\/schema.org","@graph":[{"@type":"WebPage","@id":"https:\/\/geometracarboni.it\/gc\/index.php\/quasi-una-fiaba\/","url":"https:\/\/geometracarboni.it\/gc\/index.php\/quasi-una-fiaba\/","name":"Quasi una fiaba - Studio Geometra Carboni","isPartOf":{"@id":"https:\/\/geometracarboni.it\/gc\/#website"},"datePublished":"2019-09-09T11:22:34+00:00","breadcrumb":{"@id":"https:\/\/geometracarboni.it\/gc\/index.php\/quasi-una-fiaba\/#breadcrumb"},"inLanguage":"it-IT","potentialAction":[{"@type":"ReadAction","target":["https:\/\/geometracarboni.it\/gc\/index.php\/quasi-una-fiaba\/"]}]},{"@type":"BreadcrumbList","@id":"https:\/\/geometracarboni.it\/gc\/index.php\/quasi-una-fiaba\/#breadcrumb","itemListElement":[{"@type":"ListItem","position":1,"name":"Home","item":"https:\/\/geometracarboni.it\/gc\/"},{"@type":"ListItem","position":2,"name":"Quasi una fiaba"}]},{"@type":"WebSite","@id":"https:\/\/geometracarboni.it\/gc\/#website","url":"https:\/\/geometracarboni.it\/gc\/","name":"Studio Geometra Carboni","description":"studio tecnico di progettazione","publisher":{"@id":"https:\/\/geometracarboni.it\/gc\/#\/schema\/person\/ce80f0810a44b8523736184b269ce05c"},"potentialAction":[{"@type":"SearchAction","target":{"@type":"EntryPoint","urlTemplate":"https:\/\/geometracarboni.it\/gc\/?s={search_term_string}"},"query-input":{"@type":"PropertyValueSpecification","valueRequired":true,"valueName":"search_term_string"}}],"inLanguage":"it-IT"},{"@type":["Person","Organization"],"@id":"https:\/\/geometracarboni.it\/gc\/#\/schema\/person\/ce80f0810a44b8523736184b269ce05c","name":"giuseppe carboni","image":{"@type":"ImageObject","inLanguage":"it-IT","@id":"https:\/\/geometracarboni.it\/gc\/#\/schema\/person\/image\/","url":"https:\/\/geometracarboni.it\/gc\/wp-content\/uploads\/2025\/03\/12297140_4903443.svg","contentUrl":"https:\/\/geometracarboni.it\/gc\/wp-content\/uploads\/2025\/03\/12297140_4903443.svg","width":1,"height":1,"caption":"giuseppe carboni"},"logo":{"@id":"https:\/\/geometracarboni.it\/gc\/#\/schema\/person\/image\/"}}]}},"_links":{"self":[{"href":"https:\/\/geometracarboni.it\/gc\/index.php\/wp-json\/wp\/v2\/pages\/3527","targetHints":{"allow":["GET"]}}],"collection":[{"href":"https:\/\/geometracarboni.it\/gc\/index.php\/wp-json\/wp\/v2\/pages"}],"about":[{"href":"https:\/\/geometracarboni.it\/gc\/index.php\/wp-json\/wp\/v2\/types\/page"}],"author":[{"embeddable":true,"href":"https:\/\/geometracarboni.it\/gc\/index.php\/wp-json\/wp\/v2\/users\/1"}],"replies":[{"embeddable":true,"href":"https:\/\/geometracarboni.it\/gc\/index.php\/wp-json\/wp\/v2\/comments?post=3527"}],"version-history":[{"count":0,"href":"https:\/\/geometracarboni.it\/gc\/index.php\/wp-json\/wp\/v2\/pages\/3527\/revisions"}],"wp:attachment":[{"href":"https:\/\/geometracarboni.it\/gc\/index.php\/wp-json\/wp\/v2\/media?parent=3527"}],"curies":[{"name":"wp","href":"https:\/\/api.w.org\/{rel}","templated":true}]}}